{"id":21,"date":"2025-10-22T11:19:30","date_gmt":"2025-10-22T11:19:30","guid":{"rendered":"https:\/\/lepicentredupatrimoine.fr\/?page_id=21"},"modified":"2026-02-16T10:44:25","modified_gmt":"2026-02-16T10:44:25","slug":"__trashed","status":"publish","type":"page","link":"https:\/\/lepicentredupatrimoine.fr\/index.php\/__trashed\/","title":{"rendered":"Nos actions pour le patrimoine"},"content":{"rendered":"\n<h2 class=\"wp-block-heading has-text-align-center About-head has-text-color\" style=\"color:#212429;margin-bottom:var(--wp--preset--spacing--60);font-size:40px;line-height:1.1\"><mark style=\"background-color:rgba(0, 0, 0, 0);color:#a3d4c2\" class=\"has-inline-color\">Nos actions \u00e0 impact pour le patrimoine<\/mark><\/h2>\n\n\n\n<div class=\"wp-block-columns alignwide is-layout-flex wp-container-core-columns-is-layout-d7d455e7 wp-block-columns-is-layout-flex\" style=\"padding-top:0;padding-right:0;padding-bottom:0;padding-left:0\">\n<div class=\"wp-block-column Exi-Col3 is-layout-flow wp-block-column-is-layout-flow\" style=\"padding-top:var(--wp--preset--spacing--30);padding-right:var(--wp--preset--spacing--30);padding-bottom:var(--wp--preset--spacing--30);padding-left:var(--wp--preset--spacing--30);flex-basis:25%\">\n<figure class=\"wp-block-image size-full has-custom-border exi-thumbbx\"><img loading=\"lazy\" decoding=\"async\" width=\"1080\" height=\"1350\" src=\"https:\/\/lepicentredupatrimoine.fr\/wp-content\/uploads\/2025\/12\/1.png\" alt=\"\" class=\"wp-image-144\" style=\"border-radius:10px\" srcset=\"https:\/\/lepicentredupatrimoine.fr\/wp-content\/uploads\/2025\/12\/1.png 1080w, https:\/\/lepicentredupatrimoine.fr\/wp-content\/uploads\/2025\/12\/1-240x300.png 240w, https:\/\/lepicentredupatrimoine.fr\/wp-content\/uploads\/2025\/12\/1-819x1024.png 819w, https:\/\/lepicentredupatrimoine.fr\/wp-content\/uploads\/2025\/12\/1-768x960.png 768w\" sizes=\"auto, (max-width: 1080px) 100vw, 1080px\" \/><\/figure>\n\n\n\n<h3 class=\"wp-block-heading exi-title\" style=\"margin-top:0;font-size:22px\">F\u00e9d\u00e9rer les acteurs<\/h3>\n<\/div>\n\n\n\n<div class=\"wp-block-column Exi-Col3 is-layout-flow wp-block-column-is-layout-flow\" style=\"padding-top:var(--wp--preset--spacing--30);padding-right:var(--wp--preset--spacing--30);padding-bottom:var(--wp--preset--spacing--30);padding-left:var(--wp--preset--spacing--30);flex-basis:25%\">\n<figure class=\"wp-block-image size-full has-custom-border exi-thumbbx\"><img loading=\"lazy\" decoding=\"async\" width=\"1080\" height=\"1350\" src=\"https:\/\/lepicentredupatrimoine.fr\/wp-content\/uploads\/2025\/12\/2.png\" alt=\"\" class=\"wp-image-145\" style=\"border-radius:10px\" srcset=\"https:\/\/lepicentredupatrimoine.fr\/wp-content\/uploads\/2025\/12\/2.png 1080w, https:\/\/lepicentredupatrimoine.fr\/wp-content\/uploads\/2025\/12\/2-240x300.png 240w, https:\/\/lepicentredupatrimoine.fr\/wp-content\/uploads\/2025\/12\/2-819x1024.png 819w, https:\/\/lepicentredupatrimoine.fr\/wp-content\/uploads\/2025\/12\/2-768x960.png 768w\" sizes=\"auto, (max-width: 1080px) 100vw, 1080px\" \/><\/figure>\n\n\n\n<h3 class=\"wp-block-heading exi-title\" style=\"margin-top:0;font-size:22px\">Rapprocher les secteurs<\/h3>\n<\/div>\n\n\n\n<div class=\"wp-block-column Exi-Col3 is-layout-flow wp-block-column-is-layout-flow\" style=\"padding-top:var(--wp--preset--spacing--30);padding-right:var(--wp--preset--spacing--30);padding-bottom:var(--wp--preset--spacing--30);padding-left:var(--wp--preset--spacing--30);flex-basis:25%\">\n<figure class=\"wp-block-image size-full has-custom-border exi-thumbbx\"><img loading=\"lazy\" decoding=\"async\" width=\"1080\" height=\"1350\" src=\"https:\/\/lepicentredupatrimoine.fr\/wp-content\/uploads\/2025\/12\/3.png\" alt=\"\" class=\"wp-image-146\" style=\"border-radius:10px\" srcset=\"https:\/\/lepicentredupatrimoine.fr\/wp-content\/uploads\/2025\/12\/3.png 1080w, https:\/\/lepicentredupatrimoine.fr\/wp-content\/uploads\/2025\/12\/3-240x300.png 240w, https:\/\/lepicentredupatrimoine.fr\/wp-content\/uploads\/2025\/12\/3-819x1024.png 819w, https:\/\/lepicentredupatrimoine.fr\/wp-content\/uploads\/2025\/12\/3-768x960.png 768w\" sizes=\"auto, (max-width: 1080px) 100vw, 1080px\" \/><\/figure>\n\n\n\n<h3 class=\"wp-block-heading exi-title\" style=\"margin-top:0;font-size:22px\">Sensibiliser et transmettre<\/h3>\n<\/div>\n\n\n\n<div class=\"wp-block-column Exi-Col3 is-layout-flow wp-block-column-is-layout-flow\" style=\"padding-top:var(--wp--preset--spacing--30);padding-right:var(--wp--preset--spacing--30);padding-bottom:var(--wp--preset--spacing--30);padding-left:var(--wp--preset--spacing--30);flex-basis:25%\">\n<figure class=\"wp-block-image size-full has-custom-border exi-thumbbx\"><img loading=\"lazy\" decoding=\"async\" width=\"1080\" height=\"1350\" src=\"https:\/\/lepicentredupatrimoine.fr\/wp-content\/uploads\/2025\/12\/4.png\" alt=\"\" class=\"wp-image-147\" style=\"border-radius:10px\" srcset=\"https:\/\/lepicentredupatrimoine.fr\/wp-content\/uploads\/2025\/12\/4.png 1080w, https:\/\/lepicentredupatrimoine.fr\/wp-content\/uploads\/2025\/12\/4-240x300.png 240w, https:\/\/lepicentredupatrimoine.fr\/wp-content\/uploads\/2025\/12\/4-819x1024.png 819w, https:\/\/lepicentredupatrimoine.fr\/wp-content\/uploads\/2025\/12\/4-768x960.png 768w\" sizes=\"auto, (max-width: 1080px) 100vw, 1080px\" \/><\/figure>\n\n\n\n<h3 class=\"wp-block-heading exi-title\" style=\"margin-top:0;font-size:22px\">Rassembler et partager<\/h3>\n<\/div>\n<\/div>\n\n\n<script>\ndocument.addEventListener('DOMContentLoaded', function() {\n  const images = document.querySelectorAll('.exi-thumbbx img');\n  const textBox = document.getElementById('exi-text');\n\n  \/\/ Si la zone texte n'existe pas encore, on la cr\u00e9e\n  if (!textBox) {\n    const newBox = document.createElement('div');\n    newBox.id = 'exi-text';\n    newBox.classList.add('exi-text-hidden');\n    newBox.innerHTML = '';\n    document.querySelector('.wp-block-columns').after(newBox);\n  }\n\n  const textBoxFinal = document.getElementById('exi-text');\n\n  \/\/ Textes correspondants \u00e0 chaque image (dans l'ordre)\n  const texts = [\n    \"L\u2019\u00c9PICentre du patrimoine a pour but de f\u00e9d\u00e9rer, accompagner les acteurs du patrimoine, de la culture et du tourisme dans une logique de d\u00e9veloppement durable en int\u00e9grant les enjeux futurs dans la construction d\u2019une vision saine, humaine, inclusive et durable. Convaincus par le pouvoir de l\u2019intelligence collective, la dimension r\u00e9seau est pour nous \u00e9vidente : m\u00e9langer les profils et les champs de comp\u00e9tences pour partager les savoir et faire rayonner les territoires.\",\n    \"Parce que le patrimoine est souvent mis \u00e0 l\u2019\u00e9cart de la culture et du tourisme, nous souhaitons volontairement mixer les acteurs de ces secteurs pour rapprocher les champs de comp\u00e9tences dans une dynamique commune de d\u00e9veloppement d\u2019un patrimoine durable.\",\n    \"La transmission et le partage sont au c\u0153ur de la vision de l\u2019association, agir ensemble pour l\u2019int\u00e9r\u00eat collectif, c\u2019est d\u2019ailleurs ce qui d\u00e9finit le milieu associatif. De ce fait, nos missions int\u00e8grent la dimension p\u00e9dagogique, aussi bien \u00e0 destination des membres du r\u00e9seau avec des ateliers, des temps de formation mais aussi \u00e0 destination des scolaires en construisant des ateliers p\u00e9dagogiques, des \u00e9v\u00e9nements de sensibilisation, des interventions dans les universit\u00e9s, et ce, pour toucher tous les niveaux : des \u00e9l\u00e8ves de primaire aux universitaires. Ils incarnent le patrimoine de demain.\",\n    \"Nous \u0153uvrons \u00e9galement \u00e0 agir au profit du grand public avec la r\u00e9alisation d\u2018\u00e9v\u00e8nements mutualis\u00e9s sur les territoires, accompagn\u00e9s de partenaires locaux, par et pour les membres du r\u00e9seau et le grand public, dans une optique de transmission, de sensibilisation et de valorisation.\"\n  ];\n\n  let activeIndex = null;\n\n  images.forEach((img, index) => {\n    img.addEventListener('click', () => {\n      \/\/ Si on clique sur la m\u00eame image, on garde le texte visible (plus de disparition)\n      if (activeIndex === index) return;\n\n      activeIndex = index;\n      textBoxFinal.classList.remove('exi-text-visible');\n      textBoxFinal.classList.add('exi-text-hidden'); \n\n      setTimeout(() => {\n        textBoxFinal.innerHTML = texts[index];\n        textBoxFinal.classList.remove('exi-text-hidden');\n        textBoxFinal.classList.add('exi-text-visible');\n      }, 150);\n    });\n  });\n});\n<\/script>\n\n\n<div class=\"wp-block-buttons is-content-justification-center is-layout-flex wp-container-core-buttons-is-layout-a89b3969 wp-block-buttons-is-layout-flex\">\n<div class=\"wp-block-button\"><a class=\"wp-block-button__link wp-element-button\">Rejoignez-nous !<\/a><\/div>\n<\/div>\n","protected":false},"excerpt":{"rendered":"<p>Nos actions \u00e0 impact pour le patrimoine F\u00e9d\u00e9rer les acteurs Rapprocher les secteurs Sensibiliser et transmettre Rassembler et partager<\/p>\n","protected":false},"author":1,"featured_media":0,"parent":0,"menu_order":0,"comment_status":"closed","ping_status":"closed","template":"","meta":{"footnotes":""},"class_list":["post-21","page","type-page","status-publish","hentry"],"_links":{"self":[{"href":"https:\/\/lepicentredupatrimoine.fr\/index.php\/wp-json\/wp\/v2\/pages\/21","targetHints":{"allow":["GET"]}}],"collection":[{"href":"https:\/\/lepicentredupatrimoine.fr\/index.php\/wp-json\/wp\/v2\/pages"}],"about":[{"href":"https:\/\/lepicentredupatrimoine.fr\/index.php\/wp-json\/wp\/v2\/types\/page"}],"author":[{"embeddable":true,"href":"https:\/\/lepicentredupatrimoine.fr\/index.php\/wp-json\/wp\/v2\/users\/1"}],"replies":[{"embeddable":true,"href":"https:\/\/lepicentredupatrimoine.fr\/index.php\/wp-json\/wp\/v2\/comments?post=21"}],"version-history":[{"count":23,"href":"https:\/\/lepicentredupatrimoine.fr\/index.php\/wp-json\/wp\/v2\/pages\/21\/revisions"}],"predecessor-version":[{"id":159,"href":"https:\/\/lepicentredupatrimoine.fr\/index.php\/wp-json\/wp\/v2\/pages\/21\/revisions\/159"}],"wp:attachment":[{"href":"https:\/\/lepicentredupatrimoine.fr\/index.php\/wp-json\/wp\/v2\/media?parent=21"}],"curies":[{"name":"wp","href":"https:\/\/api.w.org\/{rel}","templated":true}]}}